{"id":6,"date":"2013-09-04T18:49:46","date_gmt":"2013-09-04T18:49:46","guid":{"rendered":"https:\/\/eib.org.br\/clone\/?page_id=6"},"modified":"2020-09-17T01:51:50","modified_gmt":"2020-09-17T01:51:50","slug":"home","status":"publish","type":"page","link":"https:\/\/eib.org.br\/clone\/","title":{"rendered":"Home"},"content":{"rendered":"<section class=\"cta clearfix margin-20\">\n<div class=\"cta-inner drop-shadow lifted\">\n<article class=\"cta-content clearfix\">\n<div style=\"text-align: center;\">\n<h3>Por que contratar o EIB?<\/h3>\n<p>Ao solicitar a intermedia\u00e7\u00e3o dos servi\u00e7os do EIB, contratando um estudante motivado, com excelente forma\u00e7\u00e3o te\u00f3rica e bem orientado por profissionais acad\u00eamicos e t\u00e9cnicos, a empresa tem a grande oportunidade de melhorar seus conhecimentos e alavancar seu crescimento. Al\u00e9m de contribuir para a forma\u00e7\u00e3o de um novo profissional.<\/p>\n<\/div>\n<\/article>\n<\/div>\n<\/section>\n<div style=\"width: 100%;\"><\/div>\n<div style=\"width: 100%;\"><div class=\"one_third\"><a href=\"https:\/\/eib.org.br\/clone\/estudantes\"><img decoding=\"async\" src=\"https:\/\/eib.org.br\/clone\/wp-content\/uploads\/2013\/09\/estudante.png\" alt=\"\" \/><\/a><\/div><\/div>\n<div style=\"width: 100%;\"><div class=\"one_third\"><a href=\"https:\/\/eib.org.br\/clone\/empresas\"><img decoding=\"async\" src=\"https:\/\/eib.org.br\/clone\/wp-content\/uploads\/2013\/09\/empresa.png\" alt=\"\" \/><\/a><\/div><\/div>\n<div style=\"width: 100%;\"><div class=\"one_third\"><a href=\"https:\/\/eib.org.br\/clone\/instituicao-de-ensino\"><img decoding=\"async\" src=\"https:\/\/eib.org.br\/clone\/wp-content\/uploads\/2013\/09\/escola.png\" alt=\"\" \/><\/a><\/div><\/div>\n<div style=\"width: 100%;\"><\/div>\n<div style=\"width: 100%;\"><\/div>\n<div style=\"width: 100%;\"><\/div>\n<div style=\"width: 100%;\">\n<div><div class=\"one_third\">\u00a0<a href=\"https:\/\/eib.org.br\/clone\/115-2\/\" target=\"_blank\" rel=\"noopener noreferrer\"><img decoding=\"async\" src=\"https:\/\/eib.org.br\/clone\/wp-content\/uploads\/2013\/09\/botao_sistema_manualest\u00e1gio.png\" alt=\"\" \/><\/a><\/div><\/div>\n<div><div class=\"one_third\">\u00a0<a href=\"https:\/\/www.eib.com.br\/estagio\/login.php\" target=\"_blank\" rel=\"noopener noreferrer\"><img loading=\"lazy\" decoding=\"async\" class=\"alignnone\" src=\"https:\/\/eib.org.br\/clone\/wp-content\/uploads\/2013\/09\/botao_sistema_arearestrita.png\" alt=\"\" width=\"335\" height=\"100\" \/><\/a><\/div><\/div>\n<div><div class=\"one_third\">\u00a0<a href=\"https:\/\/eib.org.br\/clone\/webmail\" target=\"_blank\" rel=\"noopener noreferrer\"><img decoding=\"async\" src=\"https:\/\/eib.org.br\/clone\/wp-content\/uploads\/2013\/09\/botao_sistema_intranet.png\" alt=\"\" \/><\/a><\/div><\/div>\n<\/div>\n","protected":false},"excerpt":{"rendered":"<p>Por que contratar o EIB? Ao solicitar a intermedia\u00e7\u00e3o dos servi\u00e7os do EIB, contratando um estudante motivado, com excelente forma\u00e7\u00e3o te\u00f3rica e bem orientado por profissionais acad\u00eamicos e t\u00e9cnicos, a empresa tem a grande oportunidade de melhorar seus conhecimentos e alavancar seu crescimento. Al\u00e9m de contribuir para a forma\u00e7\u00e3o de um novo profissional.<\/p>\n","protected":false},"author":1,"featured_media":0,"parent":0,"menu_order":0,"comment_status":"open","ping_status":"open","template":"","meta":{"footnotes":""},"class_list":["post-6","page","type-page","status-publish","hentry"],"_links":{"self":[{"href":"https:\/\/eib.org.br\/clone\/wp-json\/wp\/v2\/pages\/6","targetHints":{"allow":["GET"]}}],"collection":[{"href":"https:\/\/eib.org.br\/clone\/wp-json\/wp\/v2\/pages"}],"about":[{"href":"https:\/\/eib.org.br\/clone\/wp-json\/wp\/v2\/types\/page"}],"author":[{"embeddable":true,"href":"https:\/\/eib.org.br\/clone\/wp-json\/wp\/v2\/users\/1"}],"replies":[{"embeddable":true,"href":"https:\/\/eib.org.br\/clone\/wp-json\/wp\/v2\/comments?post=6"}],"version-history":[{"count":29,"href":"https:\/\/eib.org.br\/clone\/wp-json\/wp\/v2\/pages\/6\/revisions"}],"predecessor-version":[{"id":616,"href":"https:\/\/eib.org.br\/clone\/wp-json\/wp\/v2\/pages\/6\/revisions\/616"}],"wp:attachment":[{"href":"https:\/\/eib.org.br\/clone\/wp-json\/wp\/v2\/media?parent=6"}],"curies":[{"name":"wp","href":"https:\/\/api.w.org\/{rel}","templated":true}]}}