{"id":49,"date":"2013-09-16T20:33:13","date_gmt":"2013-09-16T20:33:13","guid":{"rendered":"https:\/\/eib.org.br\/clone\/?page_id=49"},"modified":"2013-09-16T20:33:13","modified_gmt":"2013-09-16T20:33:13","slug":"vantagens-para-estudantes","status":"publish","type":"page","link":"https:\/\/eib.org.br\/clone\/vantagens-para-estudantes\/","title":{"rendered":"Vantagens para Estudantes"},"content":{"rendered":"<p>O est\u00e1gio representa a oportunidade de complementar a sua aprendizagem aliando a teoria aprendida na escola e na universidade proporcionando a viv\u00eancia do dia-a-dia na empresa, criando a perspectiva de crescimento e o ingresso no mercado de trabalho.<\/p>\n<p>O trabalho em equipe e a constru\u00e7\u00e3o de relacionamento em grupo;<\/p>\n<p>A oportunidade de conhecer novas tecnologias de comunica\u00e7\u00e3o e informa\u00e7\u00e3o;<\/p>\n","protected":false},"excerpt":{"rendered":"<p>O est\u00e1gio representa a oportunidade de complementar a sua aprendizagem aliando a teoria aprendida na escola e na universidade proporcionando a viv\u00eancia do dia-a-dia na empresa, criando a perspectiva de crescimento e o ingresso no mercado de trabalho. O trabalho em equipe e a constru\u00e7\u00e3o de relacionamento em grupo; A oportunidade de conhecer novas tecnologias de comunica\u00e7\u00e3o e informa\u00e7\u00e3o;<\/p>\n","protected":false},"author":1,"featured_media":0,"parent":0,"menu_order":0,"comment_status":"closed","ping_status":"open","template":"","meta":{"footnotes":""},"class_list":["post-49","page","type-page","status-publish","hentry"],"_links":{"self":[{"href":"https:\/\/eib.org.br\/clone\/wp-json\/wp\/v2\/pages\/49","targetHints":{"allow":["GET"]}}],"collection":[{"href":"https:\/\/eib.org.br\/clone\/wp-json\/wp\/v2\/pages"}],"about":[{"href":"https:\/\/eib.org.br\/clone\/wp-json\/wp\/v2\/types\/page"}],"author":[{"embeddable":true,"href":"https:\/\/eib.org.br\/clone\/wp-json\/wp\/v2\/users\/1"}],"replies":[{"embeddable":true,"href":"https:\/\/eib.org.br\/clone\/wp-json\/wp\/v2\/comments?post=49"}],"version-history":[{"count":1,"href":"https:\/\/eib.org.br\/clone\/wp-json\/wp\/v2\/pages\/49\/revisions"}],"predecessor-version":[{"id":51,"href":"https:\/\/eib.org.br\/clone\/wp-json\/wp\/v2\/pages\/49\/revisions\/51"}],"wp:attachment":[{"href":"https:\/\/eib.org.br\/clone\/wp-json\/wp\/v2\/media?parent=49"}],"curies":[{"name":"wp","href":"https:\/\/api.w.org\/{rel}","templated":true}]}}