{"id":28,"date":"2013-09-04T18:52:52","date_gmt":"2013-09-04T18:52:52","guid":{"rendered":"https:\/\/eib.org.br\/clone\/?page_id=28"},"modified":"2020-09-17T02:46:52","modified_gmt":"2020-09-17T02:46:52","slug":"empresas","status":"publish","type":"page","link":"https:\/\/eib.org.br\/clone\/empresas\/","title":{"rendered":"Empresas"},"content":{"rendered":"<section class=\"cta clearfix margin-20\"><div class=\"cta-inner drop-shadow lifted\"><article class=\"cta-content clearfix\"><div class=\"three_fourths remove-bottom\"><h3>Empresas<\/h3><p>Procurando por profissionais qualificados? <\/p><\/div><div class=\"cta-button-wrap remove-bottom one_fourth last\"><a href=\"https:\/\/eib.org.br\/clone\/oportunidade\" class=\"button themebutton medium\" target=\"_blank\">Solicite aqui<\/a><\/div><\/article><\/div><\/section>\n<h2>Dicas para uma escolha de sucesso:<\/h2>\n<p>O nosso objetivo \u00e9 facilitar a sua vida com dicas para aperfei\u00e7oar o seu tempo na escolha do talento certo para sua empresa.<\/p>\n<p>No processo seletivo a imagem da empresa tamb\u00e9m \u00e9 avaliada pelos estudantes que est\u00e3o em busca de seus sonhos. Um deles pode ser o de realizar o est\u00e1gio na sua empresa!<\/p>\n<p><strong>Ganhe tempo em Entrevistas de Sele\u00e7\u00e3o:<\/strong>Reserve os hor\u00e1rios em sua agenda para a entrevista.<\/p>\n<p><strong>Evite interrup\u00e7\u00f5es:<\/strong>o estudante venceu muitas etapas para conhecer sua empresa!<\/p>\n<p><strong>Descontraia com bom humor:<\/strong>sorria, vibre ao falar da sua empresa, as emo\u00e7\u00f5es s\u00e3o contagiantes!<\/p>\n<p><strong>Seja sincero:<\/strong>esta pode ser a primeira entrevista dele(a)!<\/p>\n<p>Deixe claro as grandes oportunidades de aprendizado que sua empresa pode oferecer.<\/p>\n<p>Fale sobre suas expectativas em rela\u00e7\u00e3o \u00e0s atitudes e desempenho do candidato!<\/p>\n<h2>Ap\u00f3s a entrevista:<\/h2>\n<p><strong>Maximize seu poder de escolha:<\/strong>o quanto antes voc\u00ea nos comunicar sua decis\u00e3o, melhor!<\/p>\n<h2>Acredite na capacidade do jovem, ele tem a energia, a coragem e a vontade de aprender!<\/h2>\n<p><strong>Boa Sorte!<\/strong><\/p>\n","protected":false},"excerpt":{"rendered":"<p>Dicas para uma escolha de sucesso: O nosso objetivo \u00e9 facilitar a sua vida com dicas para aperfei\u00e7oar o seu tempo na escolha do talento certo para sua empresa. No processo seletivo a imagem da empresa tamb\u00e9m \u00e9 avaliada pelos estudantes que est\u00e3o em busca de seus sonhos. Um deles pode ser o de realizar o est\u00e1gio na sua empresa! Ganhe tempo em Entrevistas de Sele\u00e7\u00e3o:Reserve os hor\u00e1rios em sua <a class=\"excerpt\" href=\"https:\/\/eib.org.br\/clone\/empresas\/\">Leia mais<\/a><\/p>\n","protected":false},"author":1,"featured_media":0,"parent":0,"menu_order":0,"comment_status":"open","ping_status":"open","template":"","meta":{"footnotes":""},"class_list":["post-28","page","type-page","status-publish","hentry"],"_links":{"self":[{"href":"https:\/\/eib.org.br\/clone\/wp-json\/wp\/v2\/pages\/28","targetHints":{"allow":["GET"]}}],"collection":[{"href":"https:\/\/eib.org.br\/clone\/wp-json\/wp\/v2\/pages"}],"about":[{"href":"https:\/\/eib.org.br\/clone\/wp-json\/wp\/v2\/types\/page"}],"author":[{"embeddable":true,"href":"https:\/\/eib.org.br\/clone\/wp-json\/wp\/v2\/users\/1"}],"replies":[{"embeddable":true,"href":"https:\/\/eib.org.br\/clone\/wp-json\/wp\/v2\/comments?post=28"}],"version-history":[{"count":10,"href":"https:\/\/eib.org.br\/clone\/wp-json\/wp\/v2\/pages\/28\/revisions"}],"predecessor-version":[{"id":627,"href":"https:\/\/eib.org.br\/clone\/wp-json\/wp\/v2\/pages\/28\/revisions\/627"}],"wp:attachment":[{"href":"https:\/\/eib.org.br\/clone\/wp-json\/wp\/v2\/media?parent=28"}],"curies":[{"name":"wp","href":"https:\/\/api.w.org\/{rel}","templated":true}]}}