{"id":115,"date":"2013-09-20T16:18:36","date_gmt":"2013-09-20T16:18:36","guid":{"rendered":"https:\/\/eib.org.br\/clone\/?page_id=115"},"modified":"2013-09-26T21:09:29","modified_gmt":"2013-09-26T21:09:29","slug":"115-2","status":"publish","type":"page","link":"https:\/\/eib.org.br\/clone\/115-2\/","title":{"rendered":"Manual Est\u00e1gio Perfeito"},"content":{"rendered":"<p style=\"text-align: justify;\">O est\u00e1gio \u00e9 o momento que o estudante constr\u00f3i e aprimora seus conhecimentos no mercado de trabalho e tem a chance de desenvolver suas qualidades profissionais e pessoais. Para que isso se torne realidade o est\u00e1gio bem-feito ser\u00e1 o primeiro passo para uma carreira de sucesso, no entanto, existem algumas regras b\u00e1sicas que todos precisam saber.<\/p>\n<p style=\"text-align: justify;\">No manual est\u00e1gio de sucesso voc\u00ea ter\u00e1 a oportunidade de aprender cada uma delas.<\/p>\n<div class=\"two_fifth\">\n<h3 style=\"text-align: justify;\">Apresenta\u00e7\u00e3o pessoal:<\/h3>\n<ul>\n<li style=\"text-align: justify;\">Limpeza e cuidados pessoais do tipo barba feita, cabelos e maquiagem bem cuidados contam pontos na sua primeira impress\u00e3o, perfumes, caso usem, devem ser discretos;<\/li>\n<li style=\"text-align: justify;\">Mulheres: use roupas moderada, nunca decotadas e\/ou transparentes;<\/li>\n<li style=\"text-align: justify;\">Homens: use roupas limpas e bem passadas, nunca bermudas, camisa de times de futebol e\/ou bon\u00e9s;<\/li>\n<li style=\"text-align: justify;\">Homem ou mulher devem vestir-se discretamente e com sobriedade.<\/li>\n<\/ul>\n<h3>Comportamento:<\/h3>\n<ul>\n<li style=\"text-align: justify;\">N\u00e3o use uma linguagem rebuscada e nem g\u00edrias;<\/li>\n<li style=\"text-align: justify;\">Mostre sempre boa vontade com quem vai trabalhar e respeite as pessoas;<\/li>\n<li style=\"text-align: justify;\">Seja educado e sempre cordial com todos os profissionais da empresa;<\/li>\n<li style=\"text-align: justify;\">Procure conhecer as normas de seguran\u00e7a do seu trabalho;<\/li>\n<li style=\"text-align: justify;\">Busque fazer amigos e ser amigo de todos;<\/li>\n<li style=\"text-align: justify;\">Trabalhe com empenho, seriedade e compromisso, sempre respeitando os regulamentos internos;<\/li>\n<li style=\"text-align: justify;\">Seja ass\u00edduo e pontual buscando respeitar os hor\u00e1rios estabelecidos.<\/li>\n<\/ul>\n<h3>Profissional:<\/h3>\n<ul>\n<li style=\"text-align: justify;\">Trabalhe em equipe;<\/li>\n<li style=\"text-align: justify;\">Seja ativo e comprometido;<\/li>\n<li style=\"text-align: justify;\">Seja produtivo no trabalho;<\/li>\n<li style=\"text-align: justify;\">Busque solu\u00e7\u00f5es;<\/li>\n<li style=\"text-align: justify;\">Seja criativo e din\u00e2mico;<\/li>\n<li style=\"text-align: justify;\">Mantenha a qualidade do trabalho e o cumprimento dos prazos;<\/li>\n<li style=\"text-align: justify;\">Observe a leitura da realidade e desenvolva a proje\u00e7\u00e3o de cen\u00e1rios e lideran\u00e7a;<\/li>\n<li style=\"text-align: justify;\">Dom\u00ednio b\u00e1sico de tecnologias de comunica\u00e7\u00e3o e informa\u00e7\u00e3o \u00e9 important\u00edssimo;<\/li>\n<li style=\"text-align: justify;\">Tenha esp\u00edrito cooperativo, proativo, comunicativo e participativo.<\/li>\n<\/ul>\n<\/div><div class=\"two_fifth\">\n<h3>Um bom est\u00e1gio ensina:<\/h3>\n<ul>\n<li style=\"text-align: justify;\">O trabalho em equipe e a constru\u00e7\u00e3o de relacionamento em grupo;<\/li>\n<li style=\"text-align: justify;\">Ter produtividade alta;<\/li>\n<li style=\"text-align: justify;\">Comprometimento;<\/li>\n<li style=\"text-align: justify;\">O cumprimento dos prazos e a manter a qualidade do trabalho;<\/li>\n<li style=\"text-align: justify;\">O desenvolvimento da lideran\u00e7a;<\/li>\n<li style=\"text-align: justify;\">A solu\u00e7\u00e3o para os problemas da empresa;<\/li>\n<li style=\"text-align: justify;\">Dom\u00ednio b\u00e1sico de tecnologias de comunica\u00e7\u00e3o e informa\u00e7\u00e3o;<\/li>\n<\/ul>\n<h3>Estagi\u00e1rio \u00e9:<\/h3>\n<ul>\n<li style=\"text-align: justify;\">Atualizado<\/li>\n<li style=\"text-align: justify;\">Comunicativo<\/li>\n<li style=\"text-align: justify;\">Organizado<\/li>\n<li style=\"text-align: justify;\">Ass\u00edduo<\/li>\n<li style=\"text-align: justify;\">Disciplinado<\/li>\n<li style=\"text-align: justify;\">Proativo<\/li>\n<li style=\"text-align: justify;\">Participativo<\/li>\n<li style=\"text-align: justify;\">Pontual<\/li>\n<li style=\"text-align: justify;\">Realista<\/li>\n<li style=\"text-align: justify;\">Objetivo<\/li>\n<li style=\"text-align: justify;\">Inovador<\/li>\n<\/ul>\n<h3 style=\"text-align: justify;\">Um estagi\u00e1rio:<\/h3>\n<p style=\"text-align: justify;\">A melhor forma para voc\u00ea ingressar no mercado de trabalho e obter uma qualifica\u00e7\u00e3o na sua \u00e1rea de forma\u00e7\u00e3o \u00e9 atrav\u00e9s do est\u00e1gio. Voc\u00ea pode, al\u00e9m disso, vivenciar na pr\u00e1tica o que foi aprendido na teoria. O dia a dia na empresa lhe proporciona experi\u00eancia essencial para o sucesso da sua forma\u00e7\u00e3o profissional. Os estagi\u00e1rios possibilitam \u00e0s empresas uma troca de conhecimento e inova\u00e7\u00f5es mantendo a oxigena\u00e7\u00e3o nos modelos de opera\u00e7\u00e3o.<br \/>\nSeja um estagi\u00e1rio de Sucesso!<br \/>\n<\/div>\n","protected":false},"excerpt":{"rendered":"<p>O est\u00e1gio \u00e9 o momento que o estudante constr\u00f3i e aprimora seus conhecimentos no mercado de trabalho e tem a chance de desenvolver suas qualidades profissionais e pessoais. Para que isso se torne realidade o est\u00e1gio bem-feito ser\u00e1 o primeiro passo para uma carreira de sucesso, no entanto, existem algumas regras b\u00e1sicas que todos precisam saber. No manual est\u00e1gio de sucesso voc\u00ea ter\u00e1 a oportunidade de aprender cada uma delas.<\/p>\n","protected":false},"author":1,"featured_media":0,"parent":0,"menu_order":0,"comment_status":"closed","ping_status":"open","template":"","meta":{"footnotes":""},"class_list":["post-115","page","type-page","status-publish","hentry"],"_links":{"self":[{"href":"https:\/\/eib.org.br\/clone\/wp-json\/wp\/v2\/pages\/115","targetHints":{"allow":["GET"]}}],"collection":[{"href":"https:\/\/eib.org.br\/clone\/wp-json\/wp\/v2\/pages"}],"about":[{"href":"https:\/\/eib.org.br\/clone\/wp-json\/wp\/v2\/types\/page"}],"author":[{"embeddable":true,"href":"https:\/\/eib.org.br\/clone\/wp-json\/wp\/v2\/users\/1"}],"replies":[{"embeddable":true,"href":"https:\/\/eib.org.br\/clone\/wp-json\/wp\/v2\/comments?post=115"}],"version-history":[{"count":21,"href":"https:\/\/eib.org.br\/clone\/wp-json\/wp\/v2\/pages\/115\/revisions"}],"predecessor-version":[{"id":118,"href":"https:\/\/eib.org.br\/clone\/wp-json\/wp\/v2\/pages\/115\/revisions\/118"}],"wp:attachment":[{"href":"https:\/\/eib.org.br\/clone\/wp-json\/wp\/v2\/media?parent=115"}],"curies":[{"name":"wp","href":"https:\/\/api.w.org\/{rel}","templated":true}]}}